{"id":18461,"date":"2026-02-12T16:47:37","date_gmt":"2026-02-12T14:47:37","guid":{"rendered":"https:\/\/vinylka.md\/?post_type=product&#038;p=18461"},"modified":"2026-02-12T16:47:37","modified_gmt":"2026-02-12T14:47:37","slug":"funko-keychain-stranger-things-robin-buckley","status":"publish","type":"product","link":"https:\/\/old.vinylka.md\/ru\/product\/funko-keychain-stranger-things-robin-buckley\/","title":{"rendered":"Funko Keychain: Stranger Things &#8211; Robin Buckley"},"content":{"rendered":"<h2>Funko Keychain: Stranger Things &#8211; Robin Buckley<\/h2>\n<p>Acest breloc este un accesoriu colec\u021bionabil inspirat din serialul fenomen Stranger Things, reprezent\u00e2nd personajul \u00eendr\u0103git Robin Buckley \u00eentr-un stil caracteristic colec\u021biei <a href=\"https:\/\/vinylka.md\/filter\/product_cat-funko-pop\/page\/2\/\">Funko Pop!<\/a>. Versiunea Funko Keychain p\u0103streaz\u0103 estetica distinct\u0103 Funko \u2014 cap mare, tr\u0103s\u0103turi stilizate \u0219i detalii simpatice \u2014 \u00eentr-un format compact \u0219i purtabil. Brelocul este conceput pentru a fi ata\u0219at cu u\u0219urin\u021b\u0103 la chei, rucsac, geant\u0103 sau alte accesorii, ad\u0103ug\u00e2nd o not\u0103 personal\u0103 \u0219i tematic\u0103 fanilor serialului.<\/p>","protected":false},"excerpt":{"rendered":"<p>Keychain, 4 cm.<\/p>","protected":false},"featured_media":18462,"template":"","meta":[],"product_brand":[],"product_cat":[251],"product_tag":[],"class_list":{"0":"post-18461","1":"product","2":"type-product","3":"status-publish","4":"has-post-thumbnail","6":"product_cat-funko-pop","8":"first","9":"instock","10":"taxable","11":"shipping-taxable","12":"purchasable","13":"product-type-simple"},"jetpack_sharing_enabled":true,"_links":{"self":[{"href":"https:\/\/old.vinylka.md\/ru\/wp-json\/wp\/v2\/product\/18461","targetHints":{"allow":["GET"]}}],"collection":[{"href":"https:\/\/old.vinylka.md\/ru\/wp-json\/wp\/v2\/product"}],"about":[{"href":"https:\/\/old.vinylka.md\/ru\/wp-json\/wp\/v2\/types\/product"}],"version-history":[{"count":0,"href":"https:\/\/old.vinylka.md\/ru\/wp-json\/wp\/v2\/product\/18461\/revisions"}],"wp:featuredmedia":[{"embeddable":true,"href":"https:\/\/old.vinylka.md\/ru\/wp-json\/wp\/v2\/media\/18462"}],"wp:attachment":[{"href":"https:\/\/old.vinylka.md\/ru\/wp-json\/wp\/v2\/media?parent=18461"}],"wp:term":[{"taxonomy":"product_brand","embeddable":true,"href":"https:\/\/old.vinylka.md\/ru\/wp-json\/wp\/v2\/product_brand?post=18461"},{"taxonomy":"product_cat","embeddable":true,"href":"https:\/\/old.vinylka.md\/ru\/wp-json\/wp\/v2\/product_cat?post=18461"},{"taxonomy":"product_tag","embeddable":true,"href":"https:\/\/old.vinylka.md\/ru\/wp-json\/wp\/v2\/product_tag?post=18461"}],"curies":[{"name":"wp","href":"https:\/\/api.w.org\/{rel}","templated":true}]}}