{"id":18465,"date":"2026-02-12T16:48:28","date_gmt":"2026-02-12T14:48:28","guid":{"rendered":"https:\/\/vinylka.md\/?post_type=product&#038;p=18465"},"modified":"2026-02-13T15:17:15","modified_gmt":"2026-02-13T13:17:15","slug":"funko-pop-stranger-things-robin-scoops-ahoy-1546","status":"publish","type":"product","link":"https:\/\/old.vinylka.md\/ru\/product\/funko-pop-stranger-things-robin-scoops-ahoy-1546\/","title":{"rendered":"FUNKO POP Stranger Things Robin (Scoops Ahoy) 1546"},"content":{"rendered":"<h2>FUNKO POP Stranger Things Robin (Scoops Ahoy) 1546<\/h2>\n<p>Acesta este o figurina Funko Pop! colec\u021bionabil\u0103 inspirat\u0103 din serialul Stranger Things, reprezent\u00e2nd personajul Robin \u00een \u021binuta \u201eScoops Ahoy\u201d \u2014 un look memorabil din sezonul 3 al serialului. Funko Pop! sunt figuri vinil stylizate, cu cap mare \u0219i tr\u0103s\u0103turi iconice minimaliste, foarte populare printre colec\u021bionari \u0219i fanii culturii pop.<\/p>","protected":false},"excerpt":{"rendered":"<p>Figurina, 10 cm.<\/p>","protected":false},"featured_media":18466,"template":"","meta":[],"product_brand":[],"product_cat":[251],"product_tag":[],"class_list":{"0":"post-18465","1":"product","2":"type-product","3":"status-publish","4":"has-post-thumbnail","6":"product_cat-funko-pop","8":"first","9":"onbackorder","10":"taxable","11":"shipping-taxable","12":"purchasable","13":"product-type-simple"},"jetpack_sharing_enabled":true,"_links":{"self":[{"href":"https:\/\/old.vinylka.md\/ru\/wp-json\/wp\/v2\/product\/18465","targetHints":{"allow":["GET"]}}],"collection":[{"href":"https:\/\/old.vinylka.md\/ru\/wp-json\/wp\/v2\/product"}],"about":[{"href":"https:\/\/old.vinylka.md\/ru\/wp-json\/wp\/v2\/types\/product"}],"version-history":[{"count":0,"href":"https:\/\/old.vinylka.md\/ru\/wp-json\/wp\/v2\/product\/18465\/revisions"}],"wp:featuredmedia":[{"embeddable":true,"href":"https:\/\/old.vinylka.md\/ru\/wp-json\/wp\/v2\/media\/18466"}],"wp:attachment":[{"href":"https:\/\/old.vinylka.md\/ru\/wp-json\/wp\/v2\/media?parent=18465"}],"wp:term":[{"taxonomy":"product_brand","embeddable":true,"href":"https:\/\/old.vinylka.md\/ru\/wp-json\/wp\/v2\/product_brand?post=18465"},{"taxonomy":"product_cat","embeddable":true,"href":"https:\/\/old.vinylka.md\/ru\/wp-json\/wp\/v2\/product_cat?post=18465"},{"taxonomy":"product_tag","embeddable":true,"href":"https:\/\/old.vinylka.md\/ru\/wp-json\/wp\/v2\/product_tag?post=18465"}],"curies":[{"name":"wp","href":"https:\/\/api.w.org\/{rel}","templated":true}]}}