{"id":18833,"date":"2026-03-11T15:23:48","date_gmt":"2026-03-11T13:23:48","guid":{"rendered":"https:\/\/vinylka.md\/?post_type=product&#038;p=18833"},"modified":"2026-03-11T15:23:48","modified_gmt":"2026-03-11T13:23:48","slug":"audio-technica-ath-avc200-negru","status":"publish","type":"product","link":"https:\/\/old.vinylka.md\/ru\/product\/audio-technica-ath-avc200-negru\/","title":{"rendered":"Audio-Technica ATH-AVC200 (Negru)"},"content":{"rendered":"<h2 class=\"product-summary__heading\">Audio-Technica ATH-AVC200<\/h2>\n<p data-start=\"0\" data-end=\"291\"><strong data-start=\"0\" data-end=\"29\">Audio-Technica ATH-AVC200<\/strong> sunt c\u0103\u0219ti over-ear concepute pentru ascultare confortabil\u0103 acas\u0103, fiind potrivite pentru muzic\u0103, filme sau utilizare multimedia. Acest model ofer\u0103 un sunet echilibrat \u0219i clar, combinat cu un design ergonomic care permite utilizarea \u00eendelungat\u0103 f\u0103r\u0103 disconfort.<\/p>\n<p data-start=\"293\" data-end=\"534\">C\u0103\u0219tile sunt echipate cu <strong data-start=\"318\" data-end=\"338\">drivere de 40 mm<\/strong>, capabile s\u0103 redea un sunet puternic \u0219i bine definit, cu bass profund \u0219i frecven\u021be \u00eenalte clare. Aceste caracteristici le fac potrivite pentru o gam\u0103 variat\u0103 de genuri muzicale \u0219i con\u021binut audio.<\/p>\n<p data-start=\"536\" data-end=\"820\">Construc\u021bia <strong data-start=\"548\" data-end=\"565\">de tip \u00eenchis<\/strong> ajut\u0103 la reducerea zgomotului din exterior, astfel \u00eenc\u00e2t experien\u021ba de ascultare devine mai concentrat\u0103 \u0219i mai pl\u0103cut\u0103. \u00cen acela\u0219i timp, <strong data-start=\"703\" data-end=\"739\">perni\u021bele moi \u0219i banda reglabil\u0103<\/strong> contribuie la un confort sporit, chiar \u0219i \u00een timpul sesiunilor lungi de audi\u021bie.<\/p>\n<p data-start=\"822\" data-end=\"988\">Modelul este dotat cu <strong data-start=\"844\" data-end=\"872\">un cablu lung de 3 metri<\/strong>, oferind mai mult\u0103 libertate de mi\u0219care atunci c\u00e2nd c\u0103\u0219tile sunt conectate la televizor, sistem audio sau computer.<\/p>\n<h3 data-section-id=\"xm6gxw\" data-start=\"990\" data-end=\"1014\">Specifica\u021bii tehnice<\/h3>\n<ul data-start=\"1015\" data-end=\"1217\">\n<li data-section-id=\"1edkabx\" data-start=\"1015\" data-end=\"1037\">\n<p data-start=\"1017\" data-end=\"1037\">Drivere: <strong data-start=\"1026\" data-end=\"1035\">40 mm<\/strong><\/p>\n<\/li>\n<li data-section-id=\"bbgyoy\" data-start=\"1038\" data-end=\"1082\">\n<p data-start=\"1040\" data-end=\"1082\">R\u0103spuns \u00een frecven\u021b\u0103: <strong data-start=\"1062\" data-end=\"1080\">20 \u2013 22.000 Hz<\/strong><\/p>\n<\/li>\n<li data-section-id=\"hdj0hp\" data-start=\"1083\" data-end=\"1106\">\n<p data-start=\"1085\" data-end=\"1106\">Impedan\u021b\u0103: <strong data-start=\"1096\" data-end=\"1104\">40 \u03a9<\/strong><\/p>\n<\/li>\n<li data-section-id=\"539xyl\" data-start=\"1107\" data-end=\"1136\">\n<p data-start=\"1109\" data-end=\"1136\">Sensibilitate: <strong data-start=\"1124\" data-end=\"1134\">100 dB<\/strong><\/p>\n<\/li>\n<li data-section-id=\"6c2pbi\" data-start=\"1137\" data-end=\"1160\">\n<p data-start=\"1139\" data-end=\"1160\">Cablu: <strong data-start=\"1146\" data-end=\"1158\">3 m, fix<\/strong><\/p>\n<\/li>\n<li data-section-id=\"fn9nb4\" data-start=\"1161\" data-end=\"1217\">\n<p data-start=\"1163\" data-end=\"1217\">Conector: <strong data-start=\"1173\" data-end=\"1188\">jack 3,5 mm<\/strong>, adaptor <strong data-start=\"1198\" data-end=\"1208\">6,3 mm<\/strong> inclus<\/p>\n<\/li>\n<\/ul>","protected":false},"excerpt":{"rendered":"<p>C\u0103\u0219ti Over-Ear<\/p>","protected":false},"featured_media":18834,"template":"","meta":[],"product_brand":[],"product_cat":[288],"product_tag":[],"class_list":{"0":"post-18833","1":"product","2":"type-product","3":"status-publish","4":"has-post-thumbnail","6":"product_cat-headphones","7":"pa_color-black","8":"pa_stare-new","10":"first","11":"instock","12":"taxable","13":"shipping-taxable","14":"purchasable","15":"product-type-simple"},"jetpack_sharing_enabled":true,"_links":{"self":[{"href":"https:\/\/old.vinylka.md\/ru\/wp-json\/wp\/v2\/product\/18833","targetHints":{"allow":["GET"]}}],"collection":[{"href":"https:\/\/old.vinylka.md\/ru\/wp-json\/wp\/v2\/product"}],"about":[{"href":"https:\/\/old.vinylka.md\/ru\/wp-json\/wp\/v2\/types\/product"}],"version-history":[{"count":1,"href":"https:\/\/old.vinylka.md\/ru\/wp-json\/wp\/v2\/product\/18833\/revisions"}],"predecessor-version":[{"id":18836,"href":"https:\/\/old.vinylka.md\/ru\/wp-json\/wp\/v2\/product\/18833\/revisions\/18836"}],"wp:featuredmedia":[{"embeddable":true,"href":"https:\/\/old.vinylka.md\/ru\/wp-json\/wp\/v2\/media\/18834"}],"wp:attachment":[{"href":"https:\/\/old.vinylka.md\/ru\/wp-json\/wp\/v2\/media?parent=18833"}],"wp:term":[{"taxonomy":"product_brand","embeddable":true,"href":"https:\/\/old.vinylka.md\/ru\/wp-json\/wp\/v2\/product_brand?post=18833"},{"taxonomy":"product_cat","embeddable":true,"href":"https:\/\/old.vinylka.md\/ru\/wp-json\/wp\/v2\/product_cat?post=18833"},{"taxonomy":"product_tag","embeddable":true,"href":"https:\/\/old.vinylka.md\/ru\/wp-json\/wp\/v2\/product_tag?post=18833"}],"curies":[{"name":"wp","href":"https:\/\/api.w.org\/{rel}","templated":true}]}}