{"id":18841,"date":"2026-03-11T16:12:35","date_gmt":"2026-03-11T14:12:35","guid":{"rendered":"https:\/\/vinylka.md\/?post_type=product&#038;p=18841"},"modified":"2026-03-11T16:28:34","modified_gmt":"2026-03-11T14:28:34","slug":"audio-technica-ath-m50xds-deep-sea-blue","status":"publish","type":"product","link":"https:\/\/old.vinylka.md\/ru\/product\/audio-technica-ath-m50xds-deep-sea-blue\/","title":{"rendered":"Audio-Technica ATH-M50XBT2DS (Deep Sea Blue)"},"content":{"rendered":"<h2 data-start=\"0\" data-end=\"13\">Audio-Technica ATH-M50XBT2 DS<\/h2>\n<p data-start=\"0\" data-end=\"13\"><strong data-start=\"0\" data-end=\"13\">Descriere<\/strong><\/p>\n<p data-start=\"15\" data-end=\"188\">Aceste c\u0103\u0219ti combin\u0103 performan\u021ba audio de nivel profesional cu tehnologia wireless modern\u0103, fiind potrivite at\u00e2t pentru monitorizare audio, c\u00e2t \u0219i pentru utilizarea zilnic\u0103.<\/p>\n<h3 data-section-id=\"18tmuwd\" data-start=\"190\" data-end=\"219\">Caracteristici principale<\/h3>\n<p data-start=\"221\" data-end=\"478\"><strong data-start=\"221\" data-end=\"247\">Sunet clar \u0219i detaliat<\/strong><br data-start=\"247\" data-end=\"250\" \/>Echipate cu <strong data-start=\"262\" data-end=\"282\">drivere de 45 mm<\/strong>, c\u0103\u0219tile ofer\u0103 o redare precis\u0103 a sunetului, cu bass bine definit, medii echilibrate \u0219i \u00eenalte clare. Sunt potrivite at\u00e2t pentru produc\u021bie \u0219i monitorizare audio, c\u00e2t \u0219i pentru ascultarea muzicii.<\/p>\n<p data-start=\"480\" data-end=\"724\"><strong data-start=\"480\" data-end=\"501\">Autonomie extins\u0103<\/strong><br data-start=\"501\" data-end=\"504\" \/>Bateria integrat\u0103 permite p\u00e2n\u0103 la <strong data-start=\"538\" data-end=\"570\">50 de ore de redare continu\u0103<\/strong> dup\u0103 o \u00eenc\u0103rcare complet\u0103. \u00cen plus, func\u021bia de <strong data-start=\"618\" data-end=\"649\">\u00eenc\u0103rcare rapid\u0103 prin USB-C<\/strong> ofer\u0103 aproximativ <strong data-start=\"668\" data-end=\"723\">3 ore de utilizare dup\u0103 doar 10 minute de \u00eenc\u0103rcare<\/strong>.<\/p>\n<p data-start=\"726\" data-end=\"1039\"><strong data-start=\"726\" data-end=\"753\">Conectivitate flexibil\u0103<\/strong><br data-start=\"753\" data-end=\"756\" \/>C\u0103\u0219tile folosesc <strong data-start=\"773\" data-end=\"790\">Bluetooth 5.0<\/strong> \u0219i sunt compatibile cu codec-urile <strong data-start=\"826\" data-end=\"846\">LDAC, AAC \u0219i SBC<\/strong>, asigur\u00e2nd o conexiune stabil\u0103 \u0219i o calitate bun\u0103 a sunetului. De asemenea, pot fi utilizate \u0219i <strong data-start=\"943\" data-end=\"972\">prin cablu audio de 1,2 m<\/strong>, pentru situa\u021biile \u00een care este necesar\u0103 o conexiune f\u0103r\u0103 laten\u021b\u0103.<\/p>\n<p data-start=\"1041\" data-end=\"1320\"><strong data-start=\"1041\" data-end=\"1079\">Control prin aplica\u021bia A-T Connect<\/strong><br data-start=\"1079\" data-end=\"1082\" \/>Prin aplica\u021bia dedicat\u0103 po\u021bi personaliza sunetul \u0219i set\u0103rile c\u0103\u0219tilor, inclusiv ajustarea <strong data-start=\"1172\" data-end=\"1195\">egalizatorului (EQ)<\/strong>, reglarea balansului volumului \u00eentre canale, activarea <strong data-start=\"1251\" data-end=\"1280\">modului cu laten\u021b\u0103 redus\u0103<\/strong> \u0219i gestionarea conexiunilor multipunct.<\/p>\n<p data-start=\"1322\" data-end=\"1566\"><strong data-start=\"1322\" data-end=\"1359\">Apeluri clare cu microfoane duale<\/strong><br data-start=\"1359\" data-end=\"1362\" \/>C\u0103\u0219tile sunt dotate cu <strong data-start=\"1385\" data-end=\"1430\">dou\u0103 microfoane cu tehnologie beamforming<\/strong>, care \u00eembun\u0103t\u0103\u021besc claritatea apelurilor. De asemenea, sunt compatibile cu <strong data-start=\"1506\" data-end=\"1526\">asisten\u021bi vocali<\/strong> precum Alexa, Google Assistant \u0219i Siri.<\/p>\n<p data-start=\"1568\" data-end=\"1761\"><strong data-start=\"1568\" data-end=\"1610\">Construc\u021bie confortabil\u0103 \u0219i rezistent\u0103<\/strong><br data-start=\"1610\" data-end=\"1613\" \/>Materialele durabile, <strong data-start=\"1635\" data-end=\"1674\">perni\u021bele moi din piele artificial\u0103<\/strong> \u0219i <strong data-start=\"1678\" data-end=\"1704\">banda de cap reglabil\u0103<\/strong> ofer\u0103 confort chiar \u0219i \u00een timpul utiliz\u0103rii \u00eendelungate.<\/p>\n<h3 data-section-id=\"xm6gxw\" data-start=\"1763\" data-end=\"1787\">Specifica\u021bii tehnice<\/h3>\n<ul data-start=\"1788\" data-end=\"2040\">\n<li data-section-id=\"9qglzi\" data-start=\"1788\" data-end=\"1832\">\n<p data-start=\"1790\" data-end=\"1832\">R\u0103spuns \u00een frecven\u021b\u0103: <strong data-start=\"1812\" data-end=\"1830\">15 \u2013 28.000 Hz<\/strong><\/p>\n<\/li>\n<li data-section-id=\"hmxaz6\" data-start=\"1833\" data-end=\"1856\">\n<p data-start=\"1835\" data-end=\"1856\">Impedan\u021b\u0103: <strong data-start=\"1846\" data-end=\"1854\">38 \u03a9<\/strong><\/p>\n<\/li>\n<li data-section-id=\"n4hex\" data-start=\"1857\" data-end=\"1888\">\n<p data-start=\"1859\" data-end=\"1888\">Sensibilitate: <strong data-start=\"1874\" data-end=\"1886\">99 dB\/mW<\/strong><\/p>\n<\/li>\n<li data-section-id=\"jofke8\" data-start=\"1889\" data-end=\"1912\">\n<p data-start=\"1891\" data-end=\"1912\">Greutate: <strong data-start=\"1901\" data-end=\"1910\">307 g<\/strong><\/p>\n<\/li>\n<li data-section-id=\"sydgjm\" data-start=\"1913\" data-end=\"1973\">\n<p data-start=\"1915\" data-end=\"1973\">Autonomie: p\u00e2n\u0103 la <strong data-start=\"1934\" data-end=\"1947\">50 de ore<\/strong> cu o \u00eenc\u0103rcare complet\u0103<\/p>\n<\/li>\n<li data-section-id=\"1f58jgg\" data-start=\"1974\" data-end=\"2040\">\n<p data-start=\"1976\" data-end=\"2040\">Bluetooth: <strong data-start=\"1987\" data-end=\"2004\">versiunea 5.0<\/strong>, compatibil cu <strong data-start=\"2020\" data-end=\"2040\">LDAC \/ AAC \/ SBC<\/strong><\/p>\n<\/li>\n<\/ul>\n<h3 data-section-id=\"lpo7af\" data-start=\"2042\" data-end=\"2063\">\u0412 \u043a\u043e\u043c\u043f\u043b\u0435\u043a\u0442\u0435 \u0430\u043a\u0441\u0435\u0441\u0441\u0443\u0430\u0440\u044b<\/h3>\n<ul data-start=\"2064\" data-end=\"2159\">\n<li data-section-id=\"875719\" data-start=\"2064\" data-end=\"2096\">\n<p data-start=\"2066\" data-end=\"2096\"><strong data-start=\"2066\" data-end=\"2094\">cablu de \u00eenc\u0103rcare USB-C<\/strong><\/p>\n<\/li>\n<li data-section-id=\"1pqa6as\" data-start=\"2097\" data-end=\"2125\">\n<p data-start=\"2099\" data-end=\"2125\"><strong data-start=\"2099\" data-end=\"2123\">cablu audio de 1,2 m<\/strong><\/p>\n<\/li>\n<li data-section-id=\"15ud1tw\" data-start=\"2126\" data-end=\"2159\">\n<p data-start=\"2128\" data-end=\"2159\"><strong data-start=\"2128\" data-end=\"2159\">hus\u0103 moale pentru transport<\/strong><\/p>\n<\/li>\n<\/ul>","protected":false},"excerpt":{"rendered":"<p>C\u0103\u0219ti\u00a0 Over-Ear<\/p>","protected":false},"featured_media":18842,"template":"","meta":[],"product_brand":[],"product_cat":[288],"product_tag":[],"class_list":{"0":"post-18841","1":"product","2":"type-product","3":"status-publish","4":"has-post-thumbnail","6":"product_cat-headphones","7":"pa_color-deep-sea-blue","8":"pa_stare-new","10":"first","11":"instock","12":"taxable","13":"shipping-taxable","14":"purchasable","15":"product-type-simple"},"jetpack_sharing_enabled":true,"_links":{"self":[{"href":"https:\/\/old.vinylka.md\/ru\/wp-json\/wp\/v2\/product\/18841","targetHints":{"allow":["GET"]}}],"collection":[{"href":"https:\/\/old.vinylka.md\/ru\/wp-json\/wp\/v2\/product"}],"about":[{"href":"https:\/\/old.vinylka.md\/ru\/wp-json\/wp\/v2\/types\/product"}],"version-history":[{"count":4,"href":"https:\/\/old.vinylka.md\/ru\/wp-json\/wp\/v2\/product\/18841\/revisions"}],"predecessor-version":[{"id":18849,"href":"https:\/\/old.vinylka.md\/ru\/wp-json\/wp\/v2\/product\/18841\/revisions\/18849"}],"wp:featuredmedia":[{"embeddable":true,"href":"https:\/\/old.vinylka.md\/ru\/wp-json\/wp\/v2\/media\/18842"}],"wp:attachment":[{"href":"https:\/\/old.vinylka.md\/ru\/wp-json\/wp\/v2\/media?parent=18841"}],"wp:term":[{"taxonomy":"product_brand","embeddable":true,"href":"https:\/\/old.vinylka.md\/ru\/wp-json\/wp\/v2\/product_brand?post=18841"},{"taxonomy":"product_cat","embeddable":true,"href":"https:\/\/old.vinylka.md\/ru\/wp-json\/wp\/v2\/product_cat?post=18841"},{"taxonomy":"product_tag","embeddable":true,"href":"https:\/\/old.vinylka.md\/ru\/wp-json\/wp\/v2\/product_tag?post=18841"}],"curies":[{"name":"wp","href":"https:\/\/api.w.org\/{rel}","templated":true}]}}