{"id":18986,"date":"2026-03-19T13:46:58","date_gmt":"2026-03-19T11:46:58","guid":{"rendered":"https:\/\/vinylka.md\/?post_type=product&#038;p=18986"},"modified":"2026-03-19T13:46:59","modified_gmt":"2026-03-19T11:46:59","slug":"naim-ci-uniti-102","status":"publish","type":"product","link":"https:\/\/old.vinylka.md\/ru\/product\/naim-ci-uniti-102\/","title":{"rendered":"Naim CI-Uniti 102"},"content":{"rendered":"<h1>Naim CI-Uniti 102<\/h1>\n<p><strong>Personalizeaz\u0103-\u021bi sistemul<br data-start=\"26\" data-end=\"29\" \/><\/strong>CI-Uniti 102 vine cu software-ul Focal &amp; Naim Manager \u0219i \u201eprofiluri pentru difuzoare\u201d pentru a personaliza instalarea, fie c\u0103 este vorba despre o camer\u0103 unic\u0103 sau un sistem multi-camer\u0103. Poate fi controlat u\u0219or prin aplica\u021bia Focal &amp; Naim \u0219i drivere de automatizare a casei, cum ar fi Crestron, Control4, RTI, Savant \u0219i Elan. \u00cen plus, este rapid \u0219i u\u0219or de instalat, mai ales \u00eentr-un rack pentru o instalare discret\u0103.<\/p>\n<p><strong>Caracteristici principale<\/strong><\/p>\n<ul>\n<li>Capabilit\u0103\u021bi de streaming cablat \u0219i wireless: TIDAL, TIDAL Connect, Qobuz, Spotify Connect, UPnP\u2122, Radio pe internet, Airplay 2, ChromeCast.<\/li>\n<li>Conectivitate versatil\u0103: HDMI, Bluetooth\u00ae, S\/PDIF, intrare analogic\u0103, intrare RCA, recep\u021bie din re\u021beaua Dante.<\/li>\n<li>Amplificator intern ultra-silen\u021bios \u0219i compact, cu putere de 150W la 8 ohmi.<\/li>\n<li>Dou\u0103 ie\u0219iri stereo RCA independente care pot fi utilizate pentru subwoofere sau sub-zone.<\/li>\n<li>Ie\u0219iri de trigger pentru standby-ul de la distan\u021b\u0103 al CI-NAP 108.<\/li>\n<li>Alimentare universal\u0103 100V la 240V.<\/li>\n<\/ul>\n<p><strong>Focal &amp; Naim App<\/strong><br \/>\nControl total pentru sistemul t\u0103u hi-fi, acces la milioane de piese \u0219i set\u0103rile produsului. Redare instantanee prin dispozitivele Naim conectate, indiferent de camer\u0103. Disponibil\u0103 pe Apple Store \u0219i Google Play Store.<\/p>\n<p><strong>Inputs\/Outputs Specifications<\/strong><\/p>\n<ul>\n<li>Analogue gain :<br \/>\n29 dB<\/li>\n<li>Analogue inputs :<br \/>\nStereo RCA &#8211; (47k\u03a9 \/ 2.5V RMS)<\/li>\n<li>Analogue outputs :<br \/>\nMain: 1 Stereo RCA<br \/>\nAmplified: Terminal block \/ Euroblock \/ Banana connector &#8211; 4mm<br \/>\nSub\/Aux : 1 Stereo RCA<\/li>\n<li>Digital inputs :<br \/>\nS\/PDIF \u2013 up to 96kHz \/ 24bit<br \/>\nHDMI eARC \u2013 LPCM up to 192kHz \/ 24bit Stereo<\/li>\n<li>Power Output :<br \/>\n8 \u03a9 : 150 W<br \/>\n4 \u03a9 : 260 W<\/li>\n<\/ul>\n<p><strong>Streaming \/ Sources<\/strong><\/p>\n<div id=\"attribute-2\" class=\"mb-4\" style=\"height: auto;\" role=\"region\" aria-label=\"Streaming \/ Sources answer\">\n<div class=\"ml-4 px-4 py-2 opacity-70\">\n<ul class=\"list-disc list-outside leading-relaxed\">\n<li>Network : Ethernet (1000\/100\/10 Mbps), Wi-Fi (Wi-Fi 6)<\/li>\n<li>Streaming &#8211; Stereo : Apple AirPlay 2, Bluetooth, Chromecast, Internet Radio, Qobuz, Spotify\u00aeConnect, TIDAL, UPnP\u2122<\/li>\n<\/ul>\n<\/div>\n<\/div>\n<div class=\"js-accordion\" data-id=\"attribute-3\">\n<p><strong>Control<\/strong><\/p>\n<div class=\"ml-4 px-4 py-2 opacity-70\">\n<ul class=\"list-disc list-outside leading-relaxed\">\n<li>App control : Focal &amp; Naim App<\/li>\n<li>Supported mobile operating system : Android, iOS<\/li>\n<li>Updates : Update your system by wireless connection via the Focal &amp; Naim application<\/li>\n<li>User control product :<br \/>\nFocal &amp; Naim Manager<\/li>\n<\/ul>\n<\/div>\n<\/div>","protected":false},"excerpt":{"rendered":"<p>Amplificator integrat 2 canale, 150W la 8 ohmi, streaming wireless (TIDAL, Spotify, Airplay 2), HDMI, Bluetooth\u00ae, RCA, subwoofer outputs, control prin Focal &amp; Naim app, u\u0219or de instalat \u00een rack.<\/p>","protected":false},"featured_media":18987,"template":"","meta":[],"product_brand":[],"product_cat":[225,206,284,293],"product_tag":[],"class_list":{"0":"post-18986","1":"product","2":"type-product","3":"status-publish","4":"has-post-thumbnail","6":"product_cat-amplifier","7":"product_cat-echipament","8":"product_cat-hi-fi-vinyl","9":"product_cat-naim","11":"first","12":"instock","13":"taxable","14":"shipping-taxable","15":"purchasable","16":"product-type-simple"},"jetpack_sharing_enabled":true,"_links":{"self":[{"href":"https:\/\/old.vinylka.md\/ru\/wp-json\/wp\/v2\/product\/18986","targetHints":{"allow":["GET"]}}],"collection":[{"href":"https:\/\/old.vinylka.md\/ru\/wp-json\/wp\/v2\/product"}],"about":[{"href":"https:\/\/old.vinylka.md\/ru\/wp-json\/wp\/v2\/types\/product"}],"version-history":[{"count":1,"href":"https:\/\/old.vinylka.md\/ru\/wp-json\/wp\/v2\/product\/18986\/revisions"}],"predecessor-version":[{"id":18991,"href":"https:\/\/old.vinylka.md\/ru\/wp-json\/wp\/v2\/product\/18986\/revisions\/18991"}],"wp:featuredmedia":[{"embeddable":true,"href":"https:\/\/old.vinylka.md\/ru\/wp-json\/wp\/v2\/media\/18987"}],"wp:attachment":[{"href":"https:\/\/old.vinylka.md\/ru\/wp-json\/wp\/v2\/media?parent=18986"}],"wp:term":[{"taxonomy":"product_brand","embeddable":true,"href":"https:\/\/old.vinylka.md\/ru\/wp-json\/wp\/v2\/product_brand?post=18986"},{"taxonomy":"product_cat","embeddable":true,"href":"https:\/\/old.vinylka.md\/ru\/wp-json\/wp\/v2\/product_cat?post=18986"},{"taxonomy":"product_tag","embeddable":true,"href":"https:\/\/old.vinylka.md\/ru\/wp-json\/wp\/v2\/product_tag?post=18986"}],"curies":[{"name":"wp","href":"https:\/\/api.w.org\/{rel}","templated":true}]}}