{"id":19004,"date":"2026-03-19T16:38:45","date_gmt":"2026-03-19T14:38:45","guid":{"rendered":"https:\/\/vinylka.md\/?post_type=product&#038;p=19004"},"modified":"2026-03-19T16:38:46","modified_gmt":"2026-03-19T14:38:46","slug":"naim-uniti-nova","status":"publish","type":"product","link":"https:\/\/old.vinylka.md\/ru\/product\/naim-uniti-nova\/","title":{"rendered":"Naim Uniti Nova"},"content":{"rendered":"<h1>Naim Uniti Nova<\/h1>\n<p><strong>Personalizeaz\u0103-\u021bi sistemul<\/strong><\/p>\n<p>Uniti Nova este un sistem all-in-one de \u00eenalt\u0103 calitate care combin\u0103 un amplificator, un streamer \u0219i un player digital \u00eentr-un singur dispozitiv compact, pentru o experien\u021b\u0103 audio complet\u0103 la domiciliu. Ofer\u0103 putere mare de amplificare \u0219i suport extins pentru streaming \u0219i formate de fi\u0219iere audio, iar controlul se face u\u0219or prin aplica\u021bia Naim pe smartphone.<\/p>\n<p><strong>Caracteristici principale<\/strong><\/p>\n<ul>\n<li>Streaming wireless \u0219i cablat: Apple AirPlay 2, Bluetooth, Chromecast, Radio Internet, Qobuz, Spotify Connect, TIDAL, UPnP.<\/li>\n<li>Conectivitate complet\u0103: Ethernet, Wi\u2011Fi, HDMI ARC, multiple intr\u0103ri digitale \u0219i analogice.<\/li>\n<li>Amplificator intern clasa A\/B cu 80W pe canal la 8 ohmi.<\/li>\n<li>Ie\u0219ire sub\/pre pentru subwoofer sau preamplificator extern.<\/li>\n<li>Ie\u0219ire de c\u0103\u0219ti analogic\u0103.<\/li>\n<li>Stocare local\u0103 USB \u2013 p\u00e2n\u0103 la 20.000 de piese \u0219i posibilitate de servire UPnP c\u0103tre alte dispozitive.<\/li>\n<\/ul>\n<p><strong>Focal &amp; Naim App<\/strong><\/p>\n<p>Controleaz\u0103 \u0219i personalizeaz\u0103 experien\u021ba audio direct din aplica\u021bia Focal &amp; Naim pentru Android \u0219i iOS, cu acces la servicii de streaming, radio internet \u0219i control complet al playerului.<\/p>\n<p><strong>Inputs\/Outputs Specifications<\/strong><\/p>\n<ul>\n<li>Intr\u0103ri analogice: 2 \u00d7 5-pin DIN, 2 \u00d7 RCA.<\/li>\n<li>Intr\u0103ri digitale: 2 \u00d7 optic TOSLink, 1 \u00d7 coaxial RCA, 1 \u00d7 BNC coaxial, 1 \u00d7 HDMI ARC.<\/li>\n<li>Ie\u0219iri analogice: 1 \u00d7 ie\u0219ire amplificator stereo, 1 \u00d7 ie\u0219ire RCA sub\/pre, 1 \u00d7 jack c\u0103\u0219ti 3,5 mm.<\/li>\n<li>Putere de ie\u0219ire: 8 \u03a9 &#8211; 80W pe canal, 4 \u03a9 &#8211; 120W pe canal.<\/li>\n<\/ul>\n<p><strong>Streaming \/ Surse<\/strong><\/p>\n<div>\n<ul>\n<li>Re\u021bea: Ethernet (1000\/100\/10 Mbps), Wi-Fi (Wi-Fi 6).<\/li>\n<li>Streaming &#8211; Stereo: Apple AirPlay 2, Bluetooth, Chromecast, Radio pe internet, Qobuz, Spotify\u00ae Connect, TIDAL, UPnP.<\/li>\n<\/ul>\n<\/div>\n<p><strong>Control<\/strong><\/p>\n<div>\n<ul>\n<li>Control prin aplica\u021bie: Focal &amp; Naim App.<\/li>\n<li>Sisteme de operare mobile suportate: Android, iOS.<\/li>\n<li>Actualiz\u0103ri: Actualiza\u021bi sistemul prin conexiune wireless prin aplica\u021bia Focal &amp; Naim.<\/li>\n<li>Control utilizator: Focal &amp; Naim Manager.<\/li>\n<\/ul>\n<\/div>","protected":false},"excerpt":{"rendered":"<p>Naim Uniti Nova: amplificator 80W pe canal, streaming wireless (TIDAL, Spotify, AirPlay 2), HDMI ARC, S\/PDIF, RCA, USB, control prin Focal &amp; Naim.<\/p>","protected":false},"featured_media":19005,"template":"","meta":[],"product_brand":[],"product_cat":[225,206,284,293],"product_tag":[],"class_list":{"0":"post-19004","1":"product","2":"type-product","3":"status-publish","4":"has-post-thumbnail","6":"product_cat-amplifier","7":"product_cat-echipament","8":"product_cat-hi-fi-vinyl","9":"product_cat-naim","11":"first","12":"instock","13":"taxable","14":"shipping-taxable","15":"purchasable","16":"product-type-simple"},"jetpack_sharing_enabled":true,"_links":{"self":[{"href":"https:\/\/old.vinylka.md\/ru\/wp-json\/wp\/v2\/product\/19004","targetHints":{"allow":["GET"]}}],"collection":[{"href":"https:\/\/old.vinylka.md\/ru\/wp-json\/wp\/v2\/product"}],"about":[{"href":"https:\/\/old.vinylka.md\/ru\/wp-json\/wp\/v2\/types\/product"}],"version-history":[{"count":1,"href":"https:\/\/old.vinylka.md\/ru\/wp-json\/wp\/v2\/product\/19004\/revisions"}],"predecessor-version":[{"id":19009,"href":"https:\/\/old.vinylka.md\/ru\/wp-json\/wp\/v2\/product\/19004\/revisions\/19009"}],"wp:featuredmedia":[{"embeddable":true,"href":"https:\/\/old.vinylka.md\/ru\/wp-json\/wp\/v2\/media\/19005"}],"wp:attachment":[{"href":"https:\/\/old.vinylka.md\/ru\/wp-json\/wp\/v2\/media?parent=19004"}],"wp:term":[{"taxonomy":"product_brand","embeddable":true,"href":"https:\/\/old.vinylka.md\/ru\/wp-json\/wp\/v2\/product_brand?post=19004"},{"taxonomy":"product_cat","embeddable":true,"href":"https:\/\/old.vinylka.md\/ru\/wp-json\/wp\/v2\/product_cat?post=19004"},{"taxonomy":"product_tag","embeddable":true,"href":"https:\/\/old.vinylka.md\/ru\/wp-json\/wp\/v2\/product_tag?post=19004"}],"curies":[{"name":"wp","href":"https:\/\/api.w.org\/{rel}","templated":true}]}}