{"id":19010,"date":"2026-03-19T17:17:59","date_gmt":"2026-03-19T15:17:59","guid":{"rendered":"https:\/\/vinylka.md\/?post_type=product&#038;p=19010"},"modified":"2026-03-19T17:17:59","modified_gmt":"2026-03-19T15:17:59","slug":"boxe-active-naim-mu-so-2nd-generation","status":"publish","type":"product","link":"https:\/\/old.vinylka.md\/ru\/product\/boxe-active-naim-mu-so-2nd-generation\/","title":{"rendered":"Boxe Active Naim Mu-so 2nd Generation"},"content":{"rendered":"<h1>Boxe Active Naim Mu-so 2nd Generation<\/h1>\n<p><strong>Personalizeaz\u0103-\u021bi sistemul<\/strong><\/p>\n<p>Naim Mu\u2011so 2nd Generation este un sistem audio wireless all-in-one de \u00eenalt\u0103 calitate, proiectat pentru a oferi un sunet excelent \u00eentr-un singur dispozitiv compact. Acesta combin\u0103 un amplificator puternic, multiple op\u021biuni de streaming \u0219i conectivitate complet\u0103, oferind o experien\u021b\u0103 audio premium \u00een orice \u00eenc\u0103pere. Este ideal pentru cei care doresc un sistem audio complet, f\u0103r\u0103 a fi nevoie de echipamente suplimentare.<\/p>\n<p><strong>Caracteristici principale<\/strong><\/p>\n<ul>\n<li>Streaming wireless \u0219i cablat: Apple AirPlay 2, Bluetooth, Chromecast, Spotify Connect, TIDAL, Internet Radio, UPnP.<\/li>\n<li>Conectivitate complet\u0103: Ethernet, Wi\u2011Fi, HDMI ARC, intrare digital\u0103 optic S\/PDIF \u0219i intrare analogic\u0103 3,5 mm.<\/li>\n<li>Puternic sistem de amplificare de 450W (6 drivere).<\/li>\n<li>Redare audio de \u00eenalt\u0103 rezolu\u021bie, cu op\u021biuni de sincronizare multi-room.<\/li>\n<li>Design compact, ideal pentru camere de dimensiuni medii.<\/li>\n<\/ul>\n<p><strong>Inputs\/Outputs Specifications<\/strong><\/p>\n<ul>\n<li>Intrare analogic\u0103: 1\u00d7 jack 3,5 mm.<\/li>\n<li>Intrare digital\u0103: 1\u00d7 optic S\/PDIF p\u00e2n\u0103 la 96 kHz.<\/li>\n<li>Intr\u0103ri suplimentare: HDMI ARC cu CEC.<\/li>\n<li>Putere de ie\u0219ire: 450W (6\u00d775W).<\/li>\n<\/ul>\n<p><strong>Streaming \/ Surse<\/strong><\/p>\n<div>\n<ul>\n<li>Re\u021bea: Ethernet 10\/100 Mbps, Wi\u2011Fi integrat (Wi\u2011Fi 6).<\/li>\n<li>Streaming \u2013 Stereo: AirPlay 2, Bluetooth, Chromecast, Spotify Connect, TIDAL, UPnP.<\/li>\n<\/ul>\n<\/div>\n<p><strong>Control<\/strong><\/p>\n<div>\n<ul>\n<li>Control prin aplica\u021bie: Focal &amp; Naim App (disponibil\u0103 pe Android \u0219i iOS).<\/li>\n<li>Sincronizare multi-room cu alte dispozitive Naim.<\/li>\n<li>Panou de control tactil \u0219i telecomand\u0103 inclus\u0103.<\/li>\n<\/ul>\n<\/div>\n<p><iframe title=\"YouTube video player\" src=\"https:\/\/www.youtube.com\/embed\/yhL_XaJiIKE?si=FibgnWnVxJtIrNfJ\" width=\"560\" height=\"315\" frameborder=\"0\" allowfullscreen=\"allowfullscreen\"><\/iframe><\/p>","protected":false},"excerpt":{"rendered":"<p>Naim Mu\u2011so 2nd Generation: sistem audio wireless all-in-one, 450W, streaming (TIDAL, Spotify, AirPlay 2), HDMI ARC, S\/PDIF, control prin aplica\u021bia Focal &amp; Naim.<\/p>","protected":false},"featured_media":19015,"template":"","meta":[],"product_brand":[],"product_cat":[206,284,237,293],"product_tag":[],"class_list":{"0":"post-19010","1":"product","2":"type-product","3":"status-publish","4":"has-post-thumbnail","6":"product_cat-echipament","7":"product_cat-hi-fi-vinyl","8":"product_cat-loudspeakers","9":"product_cat-naim","11":"first","12":"instock","13":"taxable","14":"shipping-taxable","15":"purchasable","16":"product-type-simple"},"jetpack_sharing_enabled":true,"_links":{"self":[{"href":"https:\/\/old.vinylka.md\/ru\/wp-json\/wp\/v2\/product\/19010","targetHints":{"allow":["GET"]}}],"collection":[{"href":"https:\/\/old.vinylka.md\/ru\/wp-json\/wp\/v2\/product"}],"about":[{"href":"https:\/\/old.vinylka.md\/ru\/wp-json\/wp\/v2\/types\/product"}],"version-history":[{"count":1,"href":"https:\/\/old.vinylka.md\/ru\/wp-json\/wp\/v2\/product\/19010\/revisions"}],"predecessor-version":[{"id":19016,"href":"https:\/\/old.vinylka.md\/ru\/wp-json\/wp\/v2\/product\/19010\/revisions\/19016"}],"wp:featuredmedia":[{"embeddable":true,"href":"https:\/\/old.vinylka.md\/ru\/wp-json\/wp\/v2\/media\/19015"}],"wp:attachment":[{"href":"https:\/\/old.vinylka.md\/ru\/wp-json\/wp\/v2\/media?parent=19010"}],"wp:term":[{"taxonomy":"product_brand","embeddable":true,"href":"https:\/\/old.vinylka.md\/ru\/wp-json\/wp\/v2\/product_brand?post=19010"},{"taxonomy":"product_cat","embeddable":true,"href":"https:\/\/old.vinylka.md\/ru\/wp-json\/wp\/v2\/product_cat?post=19010"},{"taxonomy":"product_tag","embeddable":true,"href":"https:\/\/old.vinylka.md\/ru\/wp-json\/wp\/v2\/product_tag?post=19010"}],"curies":[{"name":"wp","href":"https:\/\/api.w.org\/{rel}","templated":true}]}}