{"id":19024,"date":"2026-03-20T15:13:38","date_gmt":"2026-03-20T13:13:38","guid":{"rendered":"https:\/\/vinylka.md\/?post_type=product&#038;p=19024"},"modified":"2026-03-20T15:13:40","modified_gmt":"2026-03-20T13:13:40","slug":"casti-audio-technica-ath-s220bt-negru","status":"publish","type":"product","link":"https:\/\/old.vinylka.md\/ru\/product\/casti-audio-technica-ath-s220bt-negru\/","title":{"rendered":"C\u0103\u0219ti Audio-Technica ATH-S220BT (Negru)"},"content":{"rendered":"<h2>C\u0103\u0219ti Audio-Technica ATH-S220BT (Negru)<\/h2>\n<p data-start=\"37\" data-end=\"363\">C\u0103\u0219tile <strong data-start=\"60\" data-end=\"74\">ATH-S220BT<\/strong> de la Audio-Technica sunt c\u0103\u0219ti de tip <strong data-start=\"114\" data-end=\"126\">over-ear<\/strong> cu suport <strong data-start=\"137\" data-end=\"154\">Bluetooth 5.0<\/strong>, oferind un sunet clar \u0219i detaliat, fiind ideale at\u00e2t pentru utilizarea zilnic\u0103, c\u00e2t \u0219i pentru monitorizare audio. Acestea sunt construite pentru a oferi confort pe termen lung \u0219i performan\u021b\u0103 audio excelent\u0103.<\/p>\n<p data-start=\"365\" data-end=\"395\"><strong data-start=\"365\" data-end=\"395\">Caracteristici principale:<\/strong><\/p>\n<ul data-start=\"397\" data-end=\"788\">\n<li data-section-id=\"7nmeja\" data-start=\"397\" data-end=\"441\">\n<p data-start=\"399\" data-end=\"441\"><strong data-start=\"399\" data-end=\"424\">Interval de frecven\u021be<\/strong>: 5 \u2013 32.000 Hz<\/p>\n<\/li>\n<li data-section-id=\"cj1utd\" data-start=\"442\" data-end=\"505\">\n<p data-start=\"444\" data-end=\"505\"><strong data-start=\"444\" data-end=\"457\">Difuzoare<\/strong>: c\u00e2te unul pe canal, cu diametru de <strong data-start=\"494\" data-end=\"503\">40 mm<\/strong><\/p>\n<\/li>\n<li data-section-id=\"ng9voe\" data-start=\"506\" data-end=\"558\">\n<p data-start=\"508\" data-end=\"558\"><strong data-start=\"508\" data-end=\"523\">Construc\u021bie<\/strong>: <strong data-start=\"525\" data-end=\"537\">over-ear<\/strong>, design <strong data-start=\"546\" data-end=\"556\">\u00eenchis<\/strong><\/p>\n<\/li>\n<li data-section-id=\"xy3v92\" data-start=\"559\" data-end=\"615\">\n<p data-start=\"561\" data-end=\"615\"><strong data-start=\"561\" data-end=\"577\">Tip microfon<\/strong>: integrat, <strong data-start=\"589\" data-end=\"613\">electret condensator<\/strong><\/p>\n<\/li>\n<li data-section-id=\"b4xbxk\" data-start=\"616\" data-end=\"675\">\n<p data-start=\"618\" data-end=\"675\"><strong data-start=\"618\" data-end=\"659\">Interval de frecven\u021be al microfonului<\/strong>: 50 \u2013 4000 Hz<\/p>\n<\/li>\n<li data-section-id=\"ejo7md\" data-start=\"676\" data-end=\"749\">\n<p data-start=\"678\" data-end=\"749\"><strong data-start=\"678\" data-end=\"725\">Diagrama de direc\u021bionalitate a microfonului<\/strong>: <strong data-start=\"727\" data-end=\"747\">omnidirec\u021bional\u0103<\/strong><\/p>\n<\/li>\n<li data-section-id=\"jv05vu\" data-start=\"750\" data-end=\"788\">\n<p data-start=\"752\" data-end=\"788\"><strong data-start=\"752\" data-end=\"778\">Sensibilitate microfon<\/strong>: -42 dB<\/p>\n<\/li>\n<\/ul>\n<p data-start=\"790\" data-end=\"828\"><strong data-start=\"790\" data-end=\"827\">Conectivitate \u0219i suport Bluetooth<\/strong>:<\/p>\n<ul data-start=\"830\" data-end=\"1028\">\n<li data-section-id=\"11hy4va\" data-start=\"830\" data-end=\"873\">\n<p data-start=\"832\" data-end=\"873\"><strong data-start=\"832\" data-end=\"852\">Suport Bluetooth<\/strong>: <strong data-start=\"854\" data-end=\"871\">Bluetooth 5.0<\/strong><\/p>\n<\/li>\n<li data-section-id=\"1ysuahp\" data-start=\"874\" data-end=\"925\">\n<p data-start=\"876\" data-end=\"925\"><strong data-start=\"876\" data-end=\"905\">Raza de ac\u021biune Bluetooth<\/strong>: p\u00e2n\u0103 la <strong data-start=\"915\" data-end=\"923\">10 m<\/strong><\/p>\n<\/li>\n<li data-section-id=\"jhspx8\" data-start=\"926\" data-end=\"986\">\n<p data-start=\"928\" data-end=\"986\"><strong data-start=\"928\" data-end=\"961\">Profiluri Bluetooth acceptate<\/strong>: A2DP, AVRCP, HFP, HSP<\/p>\n<\/li>\n<li data-section-id=\"l8qoxy\" data-start=\"987\" data-end=\"1028\">\n<p data-start=\"989\" data-end=\"1028\"><strong data-start=\"989\" data-end=\"1017\">Codecuri audio acceptate<\/strong>: <strong data-start=\"1019\" data-end=\"1026\">SBC<\/strong><\/p>\n<\/li>\n<\/ul>\n<p data-start=\"1030\" data-end=\"1056\"><strong data-start=\"1030\" data-end=\"1055\">Baterie \u0219i alimentare<\/strong>:<\/p>\n<ul data-start=\"1058\" data-end=\"1342\">\n<li data-section-id=\"1k5ba2z\" data-start=\"1058\" data-end=\"1102\">\n<p data-start=\"1060\" data-end=\"1102\"><strong data-start=\"1060\" data-end=\"1081\">Baterie integrat\u0103<\/strong>: <strong data-start=\"1083\" data-end=\"1100\">litiu-polimer<\/strong><\/p>\n<\/li>\n<li data-section-id=\"qmc99f\" data-start=\"1103\" data-end=\"1179\">\n<p data-start=\"1105\" data-end=\"1179\"><strong data-start=\"1105\" data-end=\"1130\">Durata de func\u021bionare<\/strong>: p\u00e2n\u0103 la <strong data-start=\"1140\" data-end=\"1153\">60 de ore<\/strong> cu o \u00eenc\u0103rcare complet\u0103<\/p>\n<\/li>\n<li data-section-id=\"14qpc37\" data-start=\"1180\" data-end=\"1239\">\n<p data-start=\"1182\" data-end=\"1239\"><strong data-start=\"1182\" data-end=\"1212\">Timp de \u00eenc\u0103rcare complet\u0103<\/strong>: aproximativ <strong data-start=\"1226\" data-end=\"1237\">3,5 ore<\/strong><\/p>\n<\/li>\n<li data-section-id=\"1rlbvfx\" data-start=\"1240\" data-end=\"1296\">\n<p data-start=\"1242\" data-end=\"1296\"><strong data-start=\"1242\" data-end=\"1256\">Alimentare<\/strong>: curent continuu, tensiune de <strong data-start=\"1287\" data-end=\"1294\">5 V<\/strong><\/p>\n<\/li>\n<li data-section-id=\"6suujv\" data-start=\"1297\" data-end=\"1342\">\n<p data-start=\"1299\" data-end=\"1342\"><strong data-start=\"1299\" data-end=\"1324\">Conector de \u00eenc\u0103rcare<\/strong>: <strong data-start=\"1326\" data-end=\"1340\">USB Type-C<\/strong><\/p>\n<\/li>\n<\/ul>\n<p data-start=\"1344\" data-end=\"1361\"><strong data-start=\"1344\" data-end=\"1360\">Cablul audio<\/strong>:<\/p>\n<ul data-start=\"1363\" data-end=\"1613\">\n<li data-section-id=\"iemwpa\" data-start=\"1363\" data-end=\"1401\">\n<p data-start=\"1365\" data-end=\"1401\"><strong data-start=\"1365\" data-end=\"1388\">Lungime cablu audio<\/strong>: <strong data-start=\"1390\" data-end=\"1399\">1,2 m<\/strong><\/p>\n<\/li>\n<li data-section-id=\"shiaep\" data-start=\"1402\" data-end=\"1464\">\n<p data-start=\"1404\" data-end=\"1464\"><strong data-start=\"1404\" data-end=\"1426\">Tip conector audio<\/strong>: <strong data-start=\"1428\" data-end=\"1442\">3,5 mm TRS<\/strong> sau <strong data-start=\"1447\" data-end=\"1462\">3,5 mm TRRS<\/strong><\/p>\n<\/li>\n<li data-section-id=\"1lfwsek\" data-start=\"1465\" data-end=\"1511\">\n<p data-start=\"1467\" data-end=\"1511\"><strong data-start=\"1467\" data-end=\"1483\">Tip microfon<\/strong>: <strong data-start=\"1485\" data-end=\"1509\">electret condensator<\/strong><\/p>\n<\/li>\n<li data-section-id=\"1gkcpev\" data-start=\"1512\" data-end=\"1574\">\n<p data-start=\"1514\" data-end=\"1574\"><strong data-start=\"1514\" data-end=\"1555\">Interval de frecven\u021be al microfonului<\/strong>: 100 \u2013 10.000 Hz<\/p>\n<\/li>\n<li data-section-id=\"ikhmoc\" data-start=\"1575\" data-end=\"1613\">\n<p data-start=\"1577\" data-end=\"1613\"><strong data-start=\"1577\" data-end=\"1603\">Sensibilitate microfon<\/strong>: -44 dB<\/p>\n<\/li>\n<\/ul>\n<p data-start=\"1615\" data-end=\"1640\"><strong data-start=\"1615\" data-end=\"1627\">\u0412\u0435\u0441<\/strong>: <strong data-start=\"1629\" data-end=\"1638\">180 g<\/strong><\/p>\n<p data-start=\"1688\" data-end=\"1702\"><strong data-start=\"1688\" data-end=\"1701\">Compunere<\/strong>:<\/p>\n<ul data-start=\"1703\" data-end=\"1805\">\n<li data-section-id=\"ktaxih\" data-start=\"1703\" data-end=\"1727\">\n<p data-start=\"1705\" data-end=\"1727\">C\u0103\u0219ti <strong data-start=\"1711\" data-end=\"1725\">ATH-S220BT<\/strong><\/p>\n<\/li>\n<li data-section-id=\"d6k2px\" data-start=\"1728\" data-end=\"1765\">\n<p data-start=\"1730\" data-end=\"1765\">Cablu de \u00eenc\u0103rcare <strong data-start=\"1749\" data-end=\"1763\">USB Type-C<\/strong><\/p>\n<\/li>\n<li data-section-id=\"17c80k9\" data-start=\"1766\" data-end=\"1805\">\n<p data-start=\"1768\" data-end=\"1805\">Cablu audio <strong data-start=\"1780\" data-end=\"1790\">3,5 mm<\/strong> (TRS sau TRRS)<\/p>\n<\/li>\n<\/ul>","protected":false},"excerpt":{"rendered":"<p>C\u0103\u0219ti de tip over-ear<\/p>","protected":false},"featured_media":19025,"template":"","meta":[],"product_brand":[],"product_cat":[288],"product_tag":[],"class_list":{"0":"post-19024","1":"product","2":"type-product","3":"status-publish","4":"has-post-thumbnail","6":"product_cat-headphones","7":"pa_color-black","8":"pa_stare-new","10":"first","11":"instock","12":"taxable","13":"shipping-taxable","14":"purchasable","15":"product-type-simple"},"jetpack_sharing_enabled":true,"_links":{"self":[{"href":"https:\/\/old.vinylka.md\/ru\/wp-json\/wp\/v2\/product\/19024","targetHints":{"allow":["GET"]}}],"collection":[{"href":"https:\/\/old.vinylka.md\/ru\/wp-json\/wp\/v2\/product"}],"about":[{"href":"https:\/\/old.vinylka.md\/ru\/wp-json\/wp\/v2\/types\/product"}],"version-history":[{"count":1,"href":"https:\/\/old.vinylka.md\/ru\/wp-json\/wp\/v2\/product\/19024\/revisions"}],"predecessor-version":[{"id":19027,"href":"https:\/\/old.vinylka.md\/ru\/wp-json\/wp\/v2\/product\/19024\/revisions\/19027"}],"wp:featuredmedia":[{"embeddable":true,"href":"https:\/\/old.vinylka.md\/ru\/wp-json\/wp\/v2\/media\/19025"}],"wp:attachment":[{"href":"https:\/\/old.vinylka.md\/ru\/wp-json\/wp\/v2\/media?parent=19024"}],"wp:term":[{"taxonomy":"product_brand","embeddable":true,"href":"https:\/\/old.vinylka.md\/ru\/wp-json\/wp\/v2\/product_brand?post=19024"},{"taxonomy":"product_cat","embeddable":true,"href":"https:\/\/old.vinylka.md\/ru\/wp-json\/wp\/v2\/product_cat?post=19024"},{"taxonomy":"product_tag","embeddable":true,"href":"https:\/\/old.vinylka.md\/ru\/wp-json\/wp\/v2\/product_tag?post=19024"}],"curies":[{"name":"wp","href":"https:\/\/api.w.org\/{rel}","templated":true}]}}